{"id":2,"date":"2015-03-17T13:48:17","date_gmt":"2015-03-17T13:48:17","guid":{"rendered":""},"modified":"2015-03-23T08:04:45","modified_gmt":"2015-03-23T08:04:45","slug":"sample-page","status":"publish","type":"page","link":"https:\/\/auto-narzedzia.net\/?page_id=2","title":{"rendered":"Dojazd"},"content":{"rendered":"<div id=\"lmm_c3ecd871\" style=\"width:640px;\" class=\"mapsmarker markermap marker-1\">\n<div id=\"lmm_panel_c3ecd871\" class=\"lmm-panel\" style=\"background:#efefef;\">\n<div id=\"lmm_panel_api_c3ecd871\" class=\"lmm-panel-api\"><a href=\"https:\/\/maps.google.com\/maps?daddr=Gda%C5%84ska+65%2C+%C5%81%C3%B3d%C5%BA%2C+Polska&amp;t=m&amp;layer=1&amp;doflg=ptk&amp;om=0\" target=\"_blank\" title=\"Jak dojecha\u0107\"><img alt=\"icon-car.png\" src=\"https:\/\/auto-narzedzia.net\/wp-content\/plugins\/leaflet-maps-marker\/inc\/img\/icon-car.png\" width=\"14\" height=\"14\" class=\"lmm-panel-api-images\" \/><\/a><a href=\"https:\/\/auto-narzedzia.net\/wp-content\/plugins\/leaflet-maps-marker\/leaflet-kml.php?marker=1&amp;name=show\" style=\"text-decoration:none;\" title=\"Eksportuj jako KML dla Google Earth\/Google Maps\"><img src=\"https:\/\/auto-narzedzia.net\/wp-content\/plugins\/leaflet-maps-marker\/inc\/img\/icon-kml.png\" width=\"14\" height=\"14\" alt=\"KML-Logo\" class=\"lmm-panel-api-images\" \/><\/a><a href=\"https:\/\/auto-narzedzia.net\/wp-content\/plugins\/leaflet-maps-marker\/leaflet-fullscreen.php?marker=1\" style=\"text-decoration:none;\" title=\"Otw\u00f3rz niezale\u017cn\u0105 map\u0119 w trybie pe\u0142noekranowym\" target=\"_blank\"><img src=\"https:\/\/auto-narzedzia.net\/wp-content\/plugins\/leaflet-maps-marker\/inc\/img\/icon-fullscreen.png\" width=\"14\" height=\"14\" alt=\"Fullscreen-Logo\" class=\"lmm-panel-api-images\" \/><\/a><a href=\"https:\/\/auto-narzedzia.net\/wp-content\/plugins\/leaflet-maps-marker\/leaflet-geojson.php?marker=1&amp;callback=jsonp&amp;full=yes&amp;full_icon_url=yes\" style=\"text-decoration:none;\" title=\"Eksportuj jako GeoJSON\" target=\"_blank\"><img src=\"https:\/\/auto-narzedzia.net\/wp-content\/plugins\/leaflet-maps-marker\/inc\/img\/icon-json.png\" width=\"14\" height=\"14\" alt=\"GeoJSON-Logo\" class=\"lmm-panel-api-images\" \/><\/a><a href=\"https:\/\/auto-narzedzia.net\/wp-content\/plugins\/leaflet-maps-marker\/leaflet-georss.php?marker=1\" style=\"text-decoration:none;\" title=\"Eksportuj jako GeoRSS\" target=\"_blank\"><img src=\"https:\/\/auto-narzedzia.net\/wp-content\/plugins\/leaflet-maps-marker\/inc\/img\/icon-georss.png\" width=\"14\" height=\"14\" alt=\"GeoRSS-Logo\" class=\"lmm-panel-api-images\" \/><\/a><\/div><div id=\"lmm_panel_text_c3ecd871\" class=\"lmm-panel-text\" style=\"font-weight:bold;color:#373737;\">MOTEX<\/div><\/div>\n<div id=\"lmm_map_c3ecd871\" class=\"lmm-map\" style=\"background:#f6f6f6;border:1px solid #ccc;height:480px; overflow:hidden;padding:0;\"><p style=\"font-size:80%;color:#9f9e9e;margin-left:5px;\">\u0142adowanie mapy - prosz\u0119 czeka\u0107...<noscript><br\/><strong>Mapa nie mo\u017ce by\u0107 zaczytana - prosz\u0119 w\u0142\u0105czy\u0107 obs\u0142ug\u0119 Javascript!<\/strong><br\/><a style=\"text-decoration:none;\" href=\"https:\/\/www.mapsmarker.com\/js-disabled\" target=\"_blank\">&rarr; wi\u0119cej informacji<\/a><\/noscript><\/p><\/div>\n<div id=\"lmm_geo_tags_c3ecd871\" class=\"lmm-geo-tags geo\">\n<span class=\"paneltext\">MOTEX<\/span>\n<span class=\"latitude\">51.768722<\/span>, <span class=\"longitude\">19.448940<\/span>\n<span class=\"popuptext\">MOTEX\r\nul. Gda\u0144ska 65a\r\n90-612 \u0141\u00f3d\u017a\r\ngodziny otwarcia:\r\npn-pt: 7:30-17:00\r\nsobota: 7:30-13:00<\/span>\n<\/div>\n<\/div>\n","protected":false},"excerpt":{"rendered":"<p class=\"continue-reading-button\"> <a class=\"continue-reading-link\" href=\"https:\/\/auto-narzedzia.net\/?page_id=2\">Continue reading<i class=\"crycon-right-dir\"><\/i><\/a><\/p>\n","protected":false},"author":1,"featured_media":0,"parent":0,"menu_order":0,"comment_status":"closed","ping_status":"closed","template":"","meta":[],"_links":{"self":[{"href":"https:\/\/auto-narzedzia.net\/index.php?rest_route=\/wp\/v2\/pages\/2"}],"collection":[{"href":"https:\/\/auto-narzedzia.net\/index.php?rest_route=\/wp\/v2\/pages"}],"about":[{"href":"https:\/\/auto-narzedzia.net\/index.php?rest_route=\/wp\/v2\/types\/page"}],"author":[{"embeddable":true,"href":"https:\/\/auto-narzedzia.net\/index.php?rest_route=\/wp\/v2\/users\/1"}],"replies":[{"embeddable":true,"href":"https:\/\/auto-narzedzia.net\/index.php?rest_route=%2Fwp%2Fv2%2Fcomments&post=2"}],"version-history":[{"count":1,"href":"https:\/\/auto-narzedzia.net\/index.php?rest_route=\/wp\/v2\/pages\/2\/revisions"}],"predecessor-version":[{"id":19,"href":"https:\/\/auto-narzedzia.net\/index.php?rest_route=\/wp\/v2\/pages\/2\/revisions\/19"}],"wp:attachment":[{"href":"https:\/\/auto-narzedzia.net\/index.php?rest_route=%2Fwp%2Fv2%2Fmedia&parent=2"}],"curies":[{"name":"wp","href":"https:\/\/api.w.org\/{rel}","templated":true}]}}